{"id":21,"date":"2017-03-07T17:00:33","date_gmt":"2017-03-07T16:00:33","guid":{"rendered":"http:\/\/winkelundkoch.de\/?page_id=21"},"modified":"2018-05-28T18:39:59","modified_gmt":"2018-05-28T16:39:59","slug":"impressum","status":"publish","type":"page","link":"https:\/\/winkelundkoch.de\/?page_id=21","title":{"rendered":"Impressum\/Datenschutz"},"content":{"rendered":"<p><strong>Verantwortlich f\u00fcr den Inhalt dieser Website: <\/strong><br \/>\nMalerbetrieb Winkel &amp; Koch GmbH<\/p>\n<p>Gesch\u00e4ftsf\u00fchrer: Ludger Winkel<br \/>\nFrentroper Stra\u00dfe 9, DE 45768 Marl<br \/>\nTelefon: 02365\/ 120 30<br \/>\nFax: 02365\/ 120 40<br \/>\nE-Mail: malerbetrieb@winkelundkoch.de<\/p>\n<p>Handelsregister: Gelsenkirchen HRB 6023<\/p>\n<p><em>Die Inhalte auf dieser Website werden unter Ausschluss jeglicher Gew\u00e4hrleistung zur Verf\u00fcgung gestellt, insbesondere f\u00fcr Richtigkeit, Vollst\u00e4ndigkeit oder Geeignetheit f\u00fcr bestimmte Verwendungszwecke bez\u00fcglich der Inhalte f\u00fcr deren Freiheit von Rechten Dritter und die Nichtverletzung geistigen Eigentums. Der Malerbetrieb Winkel &amp; Koch kann jederzeit und ohne vorherige Ank\u00fcndigung \u00c4nderungen am Inhalt dieser Website vornehmen. Wir bem\u00fchen uns um st\u00e4ndige Aktualit\u00e4t, sind jedoch nicht zur Aktualisierung des Inhaltes dieser Website verpflichtet. Der Malerbetrieb Winkel &amp; Koch \u00fcbernimmt keine Gew\u00e4hrleistung f\u00fcr die Erreichbarkeit, die technische Verwertbarkeit und die Virenfreiheit der Internetseiten bzw. von \u00fcbermittelten Dateien.<\/em><\/p>\n<p>&nbsp;<\/p>\n<p><strong>Allgemeine Datenschutzerkl\u00e4rung<\/strong><\/p>\n<p>Vielen Dank, dass Sie sich f\u00fcr unser Unternehmen interessieren.<\/p>\n<p>Durch die Nutzung unserer Website erkl\u00e4ren Sie sich mit der Erhebung, Verarbeitung und Nutzung von Daten gem\u00e4\u00df der nachfolgenden Beschreibung einverstanden. Unsere Website kann grunds\u00e4tzlich ohne Registrierung besucht werden. Dabei werden Daten wie beispielsweise aufgerufene Seiten bzw. Namen der abgerufenen Datei, Datum und Uhrzeit zu statistischen Zwecken auf dem Server gespeichert, ohne dass diese Daten unmittelbar auf Ihre Person bezogen werden. Personenbezogene Daten, insbesondere Name, Adresse oder E-Mail-Adresse werden nicht erhoben. Ohne Ihre Einwilligung erfolgt keine Weitergabe der Daten an Dritte.<\/p>\n<p>Quelle: <a href=\"https:\/\/www.anwalt.de\/vorlage\/muster-datenschutzerklaerung.php\">Muster-Datenschutzerkl\u00e4rung von anwalt.de<\/a><\/p>\n","protected":false},"excerpt":{"rendered":"<p>Verantwortlich f\u00fcr den Inhalt dieser Website: Malerbetrieb Winkel &amp; Koch GmbH Gesch\u00e4ftsf\u00fchrer: Ludger Winkel Frentroper Stra\u00dfe 9, DE 45768 Marl Telefon: 02365\/ 120 30 Fax: 02365\/ 120 40 E-Mail: malerbetrieb@winkelundkoch.de Handelsregister: Gelsenkirchen HRB 6023 Die Inhalte auf dieser Website werden unter Ausschluss jeglicher Gew\u00e4hrleistung zur Verf\u00fcgung gestellt, insbesondere f\u00fcr Richtigkeit, Vollst\u00e4ndigkeit oder Geeignetheit f\u00fcr bestimmte <a href=\"https:\/\/winkelundkoch.de\/?page_id=21\" class=\"more-link\">...weiterlesen<span class=\"screen-reader-text\"> \"Impressum\/Datenschutz\"<\/span><\/a><\/p>\n","protected":false},"author":1,"featured_media":0,"parent":0,"menu_order":4,"comment_status":"closed","ping_status":"closed","template":"","meta":{"footnotes":""},"class_list":["post-21","page","type-page","status-publish","h-entry","hentry","h-as-page"],"_links":{"self":[{"href":"https:\/\/winkelundkoch.de\/index.php?rest_route=\/wp\/v2\/pages\/21","targetHints":{"allow":["GET"]}}],"collection":[{"href":"https:\/\/winkelundkoch.de\/index.php?rest_route=\/wp\/v2\/pages"}],"about":[{"href":"https:\/\/winkelundkoch.de\/index.php?rest_route=\/wp\/v2\/types\/page"}],"author":[{"embeddable":true,"href":"https:\/\/winkelundkoch.de\/index.php?rest_route=\/wp\/v2\/users\/1"}],"replies":[{"embeddable":true,"href":"https:\/\/winkelundkoch.de\/index.php?rest_route=%2Fwp%2Fv2%2Fcomments&post=21"}],"version-history":[{"count":5,"href":"https:\/\/winkelundkoch.de\/index.php?rest_route=\/wp\/v2\/pages\/21\/revisions"}],"predecessor-version":[{"id":45,"href":"https:\/\/winkelundkoch.de\/index.php?rest_route=\/wp\/v2\/pages\/21\/revisions\/45"}],"wp:attachment":[{"href":"https:\/\/winkelundkoch.de\/index.php?rest_route=%2Fwp%2Fv2%2Fmedia&parent=21"}],"curies":[{"name":"wp","href":"https:\/\/api.w.org\/{rel}","templated":true}]}}